{"id":1850,"date":"2024-06-26T11:42:35","date_gmt":"2024-06-26T09:42:35","guid":{"rendered":"https:\/\/anticamadia.com\/?page_id=1850"},"modified":"2024-06-26T15:08:25","modified_gmt":"2024-06-26T13:08:25","slug":"sales-terms-and-conditions","status":"publish","type":"page","link":"https:\/\/anticamadia.com\/en\/sales-terms-and-conditions\/","title":{"rendered":"Sales Terms and Conditions"},"content":{"rendered":"\n<p>Le presenti Condizioni di Vendita regolano l&#8217;offerta e la vendita al consumatore di prodotti tramite il sito web&nbsp;<a href=\"https:\/\/origin-www.lavazza.it\/it\/mondo-lavazza\"><em><strong>anticamadia.com<\/strong><\/em><\/a>&nbsp;(di seguito il \u201cSito\u201d) di propriet\u00e0 della&nbsp;<a href=\"https:\/\/store.lavazza.it\/company\">Pasta<\/a> L\u2019Antica Madia sas&nbsp;e sono formulate e fornite nel rispetto delle previsioni del d.lgs. 6 settembre 2005 n.2016 (c.d. \u201cCodice del Consumo\u201d) e di ogni altra norma di legge applicabile al commercio elettronico.<\/p>\n\n\n\n<p>E\u2019 tua facolt\u00e0 richiedere informazioni aggiuntive tramite i nostri servizi di assistenza contattando il&nbsp;<a href=\"https:\/\/origin-www.lavazza.it\/it\/termini-e-condizioni\"><em><strong>Servizio Clienti<\/strong><\/em><\/a>. Inoltre ti invitiamo a consultare periodicamente le presenti Condizioni di Vendita per verificare la presenza di eventuali aggiornamenti o modifiche.<\/p>\n\n\n\n<p><strong>1. PARTI DEL CONTRATTO &#8211; POLITICA COMMERCIALE<\/strong><\/p>\n\n\n\n<p>Le parti del contratto sono:<\/p>\n\n\n\n<p>&#8211;&nbsp;&nbsp;&nbsp;&nbsp;&nbsp;&nbsp; Pasta L\u2019Antica Madia Sas. (\u201cAntica Madia\u201d), con sede legale in Neive, Corso Romano Scagliola 207, Registro delle Imprese della Camera di Commercio di Cuneo, Codice Fiscale e Partita IVA 03468390046;<\/p>\n\n\n\n<p>&#8211;&nbsp;&nbsp;&nbsp;&nbsp;&nbsp;&nbsp; Il \u201cCliente\u201d o \u201cConsumatore\u201d: il consumatore finale, ovvero qualsiasi persona fisica che compia acquisti tramite il Sito con finalit\u00e0 diverse dalla propria attivit\u00e0 commerciale, imprenditoriale o professionale eventualmente svolta;<\/p>\n\n\n\n<p>Nel caso in cui il soggetto che effettua acquisti sul Sito richieda l\u2019emissione di fattura e\/o comunque non sia un \u201cconsumatore o utente\u201d come definito all\u2019art. 3, comma 1, lett. a), del Codice del Consumo, non troveranno applicazione la disciplina del recesso di cui all\u2019art. 7 e 8 delle presenti Condizioni di Vendita n\u00e9, pi\u00f9 in generale, le previsioni che ai sensi del medesimo Codice del Consumo si applicano unicamente ai \u201cconsumatori\u201d.<\/p>\n\n\n\n<p>I contratti conclusi attraverso il Sito sono regolati dalle presenti Condizioni Generali nel rispetto della normativa italiana. Le lingue a disposizione per concludere il contratto con Antica Madia sono l\u2019italiano e l\u2019inglese.<\/p>\n\n\n\n<p>Le presenti Condizioni di Vendita non regolano la fornitura di servizi o la vendita di prodotti da parte di soggetti diversi da Antica Madia che siano eventualmente presenti sul Sito tramite link, banner o altri collegamenti ipertestuali. Ti consigliamo, prima di inoltrare ordini ed acquistare prodotti e servizi da soggetti diversi da Antica Madia, di verificare le loro condizioni di vendita, perch\u00e9 Antica Madia non \u00e8 responsabile della fornitura di servizi da parte di tali soggetti o della conclusione di operazioni di commercio elettronico tra gli utenti del Sito e soggetti terzi.<\/p>\n\n\n\n<p><strong>2. APPLICAZIONE E MODIFICHE DELLE CONDIZIONI DI VENDITA<\/strong><\/p>\n\n\n\n<p>Prima di effettuare acquisti mediante il Sito il Cliente dichiara di aver letto e compreso le presenti Condizioni di Vendita nonch\u00e9 tutte le indicazioni fornite durante la procedura di acquisto ed i contenuti delle seguenti sezioni:&nbsp;<a href=\"https:\/\/origin-www.lavazza.it\/it\/termini-e-condizioni\"><em><strong>Termini di utilizzo<\/strong><\/em><\/a>,&nbsp;<a href=\"https:\/\/origin-www.lavazza.it\/it\/privacy-policy\"><em><strong>Privacy Policy<\/strong><\/em><\/a>&nbsp;e di accettarle integralmente senza riserva alcuna.<\/p>\n\n\n\n<p>Antica Madia si riserva la facolt\u00e0 di variare i contenuti delle presenti Condizioni di Vendita e degli altri documenti sopra elencati, dandone evidenza all\u2019interno del Sito. Ti invitiamo quindi a consultare periodicamente il Sito per verificare la presenza di eventuali aggiornamenti o modifiche. Ogni modifica sar\u00e0 efficace dopo la pubblicazione nel Sito.<\/p>\n\n\n\n<p>Le Condizioni di Vendita applicabili ad un acquisto saranno sempre quelle vigenti al momento in cui viene effettuato il relativo ordine.<\/p>\n\n\n\n<p><strong>3. CARATTERISTICHE E PREZZI DEI PRODOTTI<\/strong><\/p>\n\n\n\n<p>Antica Madia offre in vendita sul Sito esclusivamente prodotti contraddistinti da marchi di propria titolarit\u00e0 e\/o ad essa concessi in licenza o comunque dietro autorizzazione dei rispettivi titolari. Antica Madia non vende sul Sito prodotti usati, irregolari o di qualit\u00e0 inferiore ai corrispondenti standard offerti sul mercato.<\/p>\n\n\n\n<p>Le caratteristiche essenziali dei prodotti sono presentate sul Sito all&#8217;interno di ciascuna scheda prodotto. Le immagini ed i colori dei prodotti offerti in vendita sul Sito potrebbero tuttavia cambiare e\/o non essere esattamente corrispondenti a quelli reali per effetto del browser Internet e del monitor utilizzato.<\/p>\n\n\n\n<p>I prodotti sono offerti in vendita al prezzo indicato nel Sito nel momento in cui viene effettuato il relativo Ordine di Acquisto. I prezzi dei prodotti potrebbero essere soggetti a modifiche e variazioni. Ti invitiamo a controllare il prezzo di vendita finale prima di inoltrare il relativo modulo d&#8217;ordine confermando cos\u00ec l\u2019acquisto.<\/p>\n\n\n\n<p>I prezzi indicati sul Sito devono intendersi come comprensivi di IVA e, salvo ove espressamente indicato, non comprendono gli eventuali costi aggiuntivi per spedizione e consegna che, ove applicabili, sono comunque resi noti al Cliente attraverso apposite indicazioni presenti nel Sito e specificamente richiamati nel corso della procedura di acquisto.<\/p>\n\n\n\n<p><strong>4. MODALITA\u2019 DI CONCLUSIONE DEL CONTRATTO<\/strong><\/p>\n\n\n\n<p>Per acquistare uno o pi\u00f9 prodotti sul Sito il Cliente deve compilare e trasmettere per via telematica a Antica Madia il rispettivo modulo d\u2019ordine (di seguito \u201cOrdine d\u2019Acquisto\u201d) seguendo le istruzioni progressivamente fornite durante la procedura di acquisto. Tutte le fasi della procedura di acquisto sono chiaramente descritte mediante le pagine del Sito ed i relativi testi e grafiche.<br><br><br><\/p>\n\n\n\n<p>Nell\u2019Ordine d\u2019Acquisto, visualizzato nella sua interezza immediatamente prima della conclusione del contratto e comunque prima dell\u2019effettuazione di qualsiasi pagamento, vengono fornite informazioni di sintesi circa le caratteristiche essenziali di ciascun prodotto ordinato, il prezzo (comprensivo di tutte le tasse o imposte applicabili) e gli eventuali costi di spedizione e\/o spese applicabili.<\/p>\n\n\n\n<p>Con la trasmissione telematica dell&#8217;Ordine d\u2019Acquisto il Cliente accetta incondizionatamente e si impegna ad osservare nei rapporti con Antica Madia inerenti l\u2019acquisto le presenti Condizioni di Vendita.&nbsp;Se non condividi alcuni dei termini riportati nelle Condizioni di Vendita, ti invitiamo pertanto a non inoltrare l\u2019Ordine d\u2019Acquisto.<\/p>\n\n\n\n<p>A seguito della ricezione dell\u2019Ordine di Acquisto Antica Madia verificher\u00e0 la disponibilit\u00e0 del prodotto ordinato all\u2019esito di tale verifica invier\u00e0 al Cliente per posta elettronica una conferma di ricezione contenente le presenti Condizioni di Vendita, ivi comprese le disposizioni quelle relative al diritto di recesso, e dunque tutte le informazioni gi\u00e0 contenute nel riepilogo delle condizioni commerciali e contrattuali visualizzato prima di procedere all\u2019invio dell\u2019Ordine d\u2019Acquisto.<\/p>\n\n\n\n<p>Il contratto di vendita si ritiene concluso e perfezionato nel momento in cui Antica Madia&nbsp;invia al Cliente per via telematica la conferma di ricezione dell&#8217;Ordine d\u2019Acquisto compilato e trasmesso dal Cliente,&nbsp;previa verifica della correttezza dei dati forniti e trasmessi.<\/p>\n\n\n\n<p>L&#8217;Ordine d\u2019Acquisto sar\u00e0 archiviato presso la nostra banca dati per il periodo di tempo necessario all&#8217;evasione e comunque non oltre i termini di legge.<\/p>\n\n\n\n<p>Antica Madia si riserva di non dar corso ad Ordini d&#8217;Acquisto che risultino incompleti o non corretti o non coerenti con la politica commerciale di cui al paragrafo 1 delle presenti Condizioni di Vendita, nonch\u00e9 in caso di sopraggiunta indisponibilit\u00e0 dei prodotti ordinati. In questi casi provvederemo ad informarti che il contratto non si \u00e8 concluso e che Antica Madia non ha dato seguito all\u2019Ordine di Acquisto specificandone i motivi.<\/p>\n\n\n\n<p>In particolare, qualora i prodotti presentati sul Sito non siano pi\u00f9 disponibili o in vendita al momento del tuo accesso al Sito, ovvero al momento dell&#8217;invio del modulo d&#8217;ordine, sar\u00e0 cura di Antica Madia comunicarti tempestivamente l&#8217;eventuale indisponibilit\u00e0 dei Prodotti. In tali casi il contratto non si perfezioner\u00e0 e, ove gi\u00e0 concluso per qualsivoglia ragione, si intender\u00e0 automaticamente risolto e nessun importo ti sar\u00e0 addebitato.<\/p>\n\n\n\n<p>Qualsiasi responsabilit\u00e0 contrattuale o extracontrattuale per danni diretti o indiretti a persone e\/o cose provocati dalla mancata accettazione di un ordine per i motivi di cui sopra viene espressamente esclusa.<\/p>\n\n\n\n<p><strong>5. SPEDIZIONE E CONSEGNA<\/strong><\/p>\n\n\n\n<p>Gli ordini ricevuti tramite il Sito verranno spediti da Antica Madia tramite corriere all&#8217;indirizzo indicato nell\u2019Ordine d\u2019Acquisto entro 7 (sette) giorni lavorativi dal momento della conclusione del contratto.<\/p>\n\n\n\n<p>I Prodotti acquistati sul Sito verranno consegnati all\u2019indirizzo indicato dal Cliente durante la procedura d\u2019acquisto.<\/p>\n\n\n\n<p>Tutti gli acquisti verranno consegnati mediante corriere espresso dal luned\u00ec al venerd\u00ec, esclusi festivi e feste nazionali. Antica Madia non \u00e8 responsabile per ritardi non prevedibili o non imputabili ad essa.<br><br><br><\/p>\n\n\n\n<p><strong>6. PAGAMENTI<\/strong><\/p>\n\n\n\n<p>Il pagamento degli ordini potr\u00e0 essere effettuato:<\/p>\n\n\n\n<p>(i) con carta di credito appartenente al circuito Visa \/ MasterCard \/ American Express;<\/p>\n\n\n\n<p>(ii) attraverso la piattaforma Paypal, selezionandola durante la procedura d\u2019acquisto, si verr\u00e0 reindirizzati ai server sicuri Paypal dove accedendo con le proprie credenziali si potr\u00e0 completare il pagamento tramite addebito su carta di credito, conto corrente o borsellino elettronico.<\/p>\n\n\n\n<p>In caso di pagamento mediante carta di credito, il prezzo per l&#8217;acquisto dei prodotti e le eventuali spese di spedizione saranno addebitati al momento della spedizione dei prodotti acquistati<\/p>\n\n\n\n<p>In caso di pagamento con Paypal, l&#8217;effettivo addebito avverr\u00e0 al momento dell&#8217;invio da parte di Antica Madia dell&#8217;e-mail di conferma dell\u2019ordine<\/p>\n\n\n\n<p>Le informazioni finanziarie (ad esempio, il numero della carta di credito\/debito o la data della sua scadenza) saranno inoltrate, tramite protocollo crittografato, alle banche che forniscono i relativi servizi di pagamento elettronico a distanza, senza che terzi possano, in alcun modo, avervi accesso. Tali informazioni, inoltre, non saranno mai utilizzate da Antica Madia se non per completare le procedure relative al tuo acquisto e per emettere i relativi rimborsi in caso di eventuali restituzioni dei prodotti, a seguito di esercizio del tuo diritto di recesso, ovvero qualora si renda necessario prevenire o segnalare alle forze di polizia la commissione di frodi mediante il Sito.<\/p>\n\n\n\n<p>Prima di completare l\u2019ordine sar\u00e0 tua facolt\u00e0 richiedere l\u2019emissione di una fattura fiscale come indicato durante la procedura di acquisto. Ti informiamo che non sar\u00e0 possibile richiedere l\u2019emissione della fattura una volta completata la procedura ed inviato il relativo Ordine di Acquisto.<\/p>\n\n\n\n<p><strong>7. DIRITTO DI RECESSO (art. 52 e ss. d.lgs. 6 settembre 2005 n.206)<\/strong><\/p>\n\n\n\n<p>Il Cliente ha facolt\u00e0 di recedere dal contratto mediante comunicazione atta a consentire l&#8217;identificazione del Cliente e del contratto, da inviare a mezzo lettera raccomandata con avviso di ricevimento al seguente indirizzo:<\/p>\n\n\n\n<p>Servizio Clienti Pasta L\u2019Antica Madia Sas \u2013 Corso Romano Scagliola 207 \u2013 12052 Neive (CN)<\/p>\n\n\n\n<p>In alternativa la comunicazione pu\u00f2 essere inviata, entro lo stesso termine, tramite e-mail (<a href=\"mailto:info@anticamadia.com\">info@anticamadia.com<\/a>).<\/p>\n\n\n\n<p>Il recesso \u00e8 efficace soltanto se esercitato entro e non oltre 7 giorni decorrenti dalla data di consegna dei prodotti. Antica Madia non appena ricevuta la comunicazione del recesso provveder\u00e0 senza ritardo a contattare telefonicamente il Cliente al fine di comunicare l&#8217;indirizzo del luogo ove i prodotti dovranno essere rispediti; il Consumatore curer\u00e0 quindi la restituzione dei prodotti a Antica Madia in conformit\u00e0 con tali indicazioni entro e non oltre i successivi 14 giorni. Antica Madia, nei tempi e modalit\u00e0 concordate con il Cliente, restituir\u00e0 integralmente l\u2019importo pagato dal Cliente. Le spese di rispedizione dei prodotti a Antica Madia sono a carico del Cliente.<\/p>\n\n\n\n<p>Condizione essenziale per l&#8217;esercizio del diritto di recesso \u00e8 la sostanziale integrit\u00e0 dei prodotti da restituire.<\/p>\n\n\n\n<p>Per ulteriori informazioni circa l&#8217;esercizio del diritto di recesso pu\u00f2 essere contattato il Servizio Clienti Pasta L\u2019Antica Madia Sas +39 01731821262 &#8211; e-mail: (<a href=\"mailto:info@anticamadia.com\">info@anticamadia.com<\/a>).<\/p>\n\n\n\n<p><strong>8. GARANZIA E DIFETTI DI CONFORMIT\u00c0<\/strong><\/p>\n\n\n\n<p>In caso di difetti di conformit\u00e0 di Prodotti venduti dall\u2019azienda Antica Madia il Cliente dovr\u00e0 contattare immediatamente il fornitore telefonicamente chiamando il numero +39 01731821262 o scrivendo all\u2019indirizzo email info@anticamadia.com<\/p>\n\n\n\n<p>Alla vendita dei Prodotti si applicano le garanzie legali previste dagli articoli 129, 130 e 132 del Codice del Consumo. Il Cliente ha diritto, a sua scelta e a condizione che la tipologia del Prodotto lo consenta, al ripristino, senza spese, della conformit\u00e0 del Prodotto mediante sostituzione. Il Cliente decade da tali diritti se non denuncia all\u2019azienda Antica Madia il difetto di conformit\u00e0 entro il termine di 7 giorni dalla data in cui ha ricevuto il prodotto.<\/p>\n\n\n\n<p><strong>9. PRIVACY<\/strong><\/p>\n\n\n\n<p>Potrai ottenere informazioni su come trattiamo i tuoi dati personali accedendo alla informativa sul trattamento dei dati personali (Privacy Policy) che ti invitiamo a consultare periodicamente come le presenti Condizioni di Vendita per verificare la presenza di eventuali aggiornamenti e\/o modifiche.<\/p>\n\n\n\n<p>Per altre condizioni relative all\u2019utilizzo del Sito ti preghiamo inoltre di leggere, se non l&#8217;avessi ancora fatto, i nostri&nbsp;<a href=\"https:\/\/origin-www.lavazza.it\/it\/termini-e-condizioni\"><em><strong>Termini di utilizzo<\/strong><\/em><\/a>&nbsp;e l\u2019informativa sui&nbsp;<a href=\"https:\/\/origin-www.lavazza.it\/it\/cookie-policy\"><em><strong>Cookie<\/strong><\/em><\/a>, che ti invitiamo a consultare periodicamente come le presenti Condizioni di Vendita per verificare la presenza di eventuali aggiornamenti e\/o modifiche.<\/p>\n\n\n\n<p><strong>10. SERVIZIO CLIENTI<\/strong><\/p>\n\n\n\n<p>Per qualunque informazione o reclamo \u00e8 possibile contattare il Servizio Clienti Pasta L\u2019Antica Madia Sas<\/p>\n\n\n\n<p><a href=\"mailto:info@anticamadia.com\">info@anticamadia.com<\/a><\/p>\n\n\n\n<p>+39 0173 1821262<\/p>\n\n\n\n<p><strong>13. LEGGE APPLICABILE<\/strong><\/p>\n\n\n\n<p>Le Condizioni di Vendita sono regolate dalla legge italiana ed in particolare dal decreto legislativo 6 settembre 2005 n. 206 (c.d. Codice del Consumo), con specifico riferimento alla normativa in materia di contratti a distanza e dal decreto legislativo 9 aprile 2003 n. 70 su taluni aspetti concernenti il commercio.<\/p>\n\n\n\n<p>Foro competente per la risoluzione di qualunque controversia sar\u00e0 quello previsto dalla legislazione italiana vigente nel momento della conclusione del contratto.<\/p>\n\n\n\n<p>La Commissione Europea fornisce una piattaforma per la risoluzione delle controversie online, a cui potrai accedere tramite questo link:&nbsp;<a href=\"http:\/\/ec.europa.eu\/consumers\/odr\/\">http:\/\/ec.europa.eu\/consumers\/odr\/<\/a>&nbsp;. Nel caso volessi portare una questione alla nostra attenzione, ti invitiamo a contattarci all\u2019indirizzo e-mail&nbsp;info@anticamadia.com<\/p>\n","protected":false},"excerpt":{"rendered":"<p>Le presenti Condizioni di Vendita regolano l&#8217;offerta e la vendita al consumatore di prodotti tramite il sito web&nbsp;anticamadia.com&nbsp;(di seguito il \u201cSito\u201d) di propriet\u00e0 della&nbsp;Pasta L\u2019Antica Madia sas&nbsp;e sono formulate e fornite nel rispetto delle previsioni del d.lgs. 6 settembre 2005 n.2016 (c.d. \u201cCodice del Consumo\u201d) e di ogni altra norma di legge applicabile al commercio [&hellip;]<\/p>\n","protected":false},"author":22694,"featured_media":0,"parent":0,"menu_order":0,"comment_status":"closed","ping_status":"closed","template":"","meta":{"_acf_changed":true,"_monsterinsights_skip_tracking":false,"_monsterinsights_sitenote_active":false,"_monsterinsights_sitenote_note":"","_monsterinsights_sitenote_category":0,"footnotes":""},"class_list":["post-1850","page","type-page","status-publish","hentry"],"yoast_head":"<!-- This site is optimized with the Yoast SEO plugin v27.2 - https:\/\/yoast.com\/product\/yoast-seo-wordpress\/ -->\n<title>Sales Terms and Conditions | Pastificio Artigianale nelle Langhe | Antica Madia<\/title>\n<meta name=\"description\" content=\"Le presenti Condizioni di Vendita regolano l&#039;offerta e la vendita al consumatore di prodotti tramite il sito web&nbsp;anticamadia.com&nbsp;(di seguito il\" \/>\n<meta name=\"robots\" content=\"noindex, follow\" \/>\n<meta property=\"og:locale\" content=\"en_US\" \/>\n<meta property=\"og:type\" content=\"article\" \/>\n<meta property=\"og:title\" content=\"Sales Terms and Conditions | Pastificio Artigianale nelle Langhe | Antica Madia\" \/>\n<meta property=\"og:description\" content=\"Le presenti Condizioni di Vendita regolano l&#039;offerta e la vendita al consumatore di prodotti tramite il sito web&nbsp;anticamadia.com&nbsp;(di seguito il\" \/>\n<meta property=\"og:url\" content=\"https:\/\/anticamadia.com\/en\/sales-terms-and-conditions\/\" \/>\n<meta property=\"og:site_name\" content=\"Antica Madia\" \/>\n<meta property=\"article:modified_time\" content=\"2024-06-26T13:08:25+00:00\" \/>\n<meta name=\"twitter:card\" content=\"summary_large_image\" \/>\n<meta name=\"twitter:label1\" content=\"Est. reading time\" \/>\n\t<meta name=\"twitter:data1\" content=\"11 minutes\" \/>\n<!-- \/ Yoast SEO plugin. -->","yoast_head_json":{"title":"Sales Terms and Conditions | Pastificio Artigianale nelle Langhe | Antica Madia","description":"Le presenti Condizioni di Vendita regolano l'offerta e la vendita al consumatore di prodotti tramite il sito web&nbsp;anticamadia.com&nbsp;(di seguito il","robots":{"index":"noindex","follow":"follow"},"og_locale":"en_US","og_type":"article","og_title":"Sales Terms and Conditions | Pastificio Artigianale nelle Langhe | Antica Madia","og_description":"Le presenti Condizioni di Vendita regolano l'offerta e la vendita al consumatore di prodotti tramite il sito web&nbsp;anticamadia.com&nbsp;(di seguito il","og_url":"https:\/\/anticamadia.com\/en\/sales-terms-and-conditions\/","og_site_name":"Antica Madia","article_modified_time":"2024-06-26T13:08:25+00:00","twitter_card":"summary_large_image","twitter_misc":{"Est. reading time":"11 minutes"},"schema":{"@context":"https:\/\/schema.org","@graph":[{"@type":"WebPage","@id":"https:\/\/anticamadia.com\/en\/sales-terms-and-conditions\/","url":"https:\/\/anticamadia.com\/en\/sales-terms-and-conditions\/","name":"Sales Terms and Conditions | Pastificio Artigianale nelle Langhe | Antica Madia","isPartOf":{"@id":"https:\/\/anticamadia.com\/#website"},"datePublished":"2024-06-26T09:42:35+00:00","dateModified":"2024-06-26T13:08:25+00:00","description":"Le presenti Condizioni di Vendita regolano l'offerta e la vendita al consumatore di prodotti tramite il sito web&nbsp;anticamadia.com&nbsp;(di seguito il","breadcrumb":{"@id":"https:\/\/anticamadia.com\/en\/sales-terms-and-conditions\/#breadcrumb"},"inLanguage":"en-US","potentialAction":[{"@type":"ReadAction","target":["https:\/\/anticamadia.com\/en\/sales-terms-and-conditions\/"]}]},{"@type":"BreadcrumbList","@id":"https:\/\/anticamadia.com\/en\/sales-terms-and-conditions\/#breadcrumb","itemListElement":[{"@type":"ListItem","position":1,"name":"Home","item":"https:\/\/anticamadia.com\/en\/"},{"@type":"ListItem","position":2,"name":"Sales Terms and Conditions"}]},{"@type":"WebSite","@id":"https:\/\/anticamadia.com\/#website","url":"https:\/\/anticamadia.com\/","name":"Antica Madia","description":"Pastificio Artigianale nelle Langhe","publisher":{"@id":"https:\/\/anticamadia.com\/#organization"},"potentialAction":[{"@type":"SearchAction","target":{"@type":"EntryPoint","urlTemplate":"https:\/\/anticamadia.com\/?s={search_term_string}"},"query-input":{"@type":"PropertyValueSpecification","valueRequired":true,"valueName":"search_term_string"}}],"inLanguage":"en-US"},{"@type":"Organization","@id":"https:\/\/anticamadia.com\/#organization","name":"Antica Madia","url":"https:\/\/anticamadia.com\/","logo":{"@type":"ImageObject","inLanguage":"en-US","@id":"https:\/\/anticamadia.com\/#\/schema\/logo\/image\/","url":"","contentUrl":"","caption":"Antica Madia"},"image":{"@id":"https:\/\/anticamadia.com\/#\/schema\/logo\/image\/"}}]}},"acf":[],"_links":{"self":[{"href":"https:\/\/anticamadia.com\/en\/wp-json\/wp\/v2\/pages\/1850","targetHints":{"allow":["GET"]}}],"collection":[{"href":"https:\/\/anticamadia.com\/en\/wp-json\/wp\/v2\/pages"}],"about":[{"href":"https:\/\/anticamadia.com\/en\/wp-json\/wp\/v2\/types\/page"}],"author":[{"embeddable":true,"href":"https:\/\/anticamadia.com\/en\/wp-json\/wp\/v2\/users\/22694"}],"replies":[{"embeddable":true,"href":"https:\/\/anticamadia.com\/en\/wp-json\/wp\/v2\/comments?post=1850"}],"version-history":[{"count":0,"href":"https:\/\/anticamadia.com\/en\/wp-json\/wp\/v2\/pages\/1850\/revisions"}],"wp:attachment":[{"href":"https:\/\/anticamadia.com\/en\/wp-json\/wp\/v2\/media?parent=1850"}],"curies":[{"name":"wp","href":"https:\/\/api.w.org\/{rel}","templated":true}]}}